{"id":276,"date":"2020-03-13T08:47:51","date_gmt":"2020-03-13T07:47:51","guid":{"rendered":"https:\/\/velaventure.fr\/?page_id=276"},"modified":"2020-03-13T09:56:29","modified_gmt":"2020-03-13T08:56:29","slug":"contact","status":"publish","type":"page","link":"https:\/\/velaventure.fr\/index.php\/contact\/","title":{"rendered":"Contact"},"content":{"rendered":"\n<p class=\"has-text-align-left\">Voici, ci-dessous, notre adresse mail de contact, ainsi qu&rsquo;un formulaire pour nous envoyer directement des messages, pour tous les petits mots doux qui ne trouvent pas leur place dans les commentaires \ud83d\ude09<\/p>\n\n\n\n<p>Nous ne pouvons pas vous promettre d&rsquo;y r\u00e9pondre tr\u00e8s rapidement mais nous ferons notre possible.<\/p>\n\n\n\n<div style=\"height:32px\" aria-hidden=\"true\" class=\"wp-block-spacer desktop-only\"><\/div>\n\n\n\n<div class=\"wp-block-columns alignwide has-2-columns\">\n<div class=\"wp-block-column\">\n<h2 class=\"has-text-align-left\">Nos coordonn\u00e9es<\/h2>\n\n\n\n<div itemprop=\"location\" itemscope itemtype=\"http:\/\/schema.org\/Organization\" class=\"wp-block-jetpack-contact-info\">\n<div class=\"wp-block-jetpack-email\"><a itemprop=\"email\" href=\"mailto:contact.velaventure@gmail.com\">contact.velaventure@gmail.com<\/a><\/div>\n<\/div>\n<\/div>\n\n\n\n<div class=\"wp-block-column\">\n<h2 class=\"has-text-align-left\">Message direct<\/h2>\n\n\n<div class=\"wp-block-jetpack-contact-form\"><a href=\"https:\/\/velaventure.fr\/index.php\/contact\/\" target=\"_blank\" rel=\"noopener noreferrer\">Soumettre un formulaire.<\/a><\/div><\/div>\n<\/div>\n","protected":false},"excerpt":{"rendered":"<p>Voici, ci-dessous, notre adresse mail de contact, ainsi qu&rsquo;un formulaire pour nous envoyer directement des messages, pour tous les petits mots doux qui ne trouvent pas leur place dans les commentaires \ud83d\ude09 Nous ne pouvons pas vous promettre d&rsquo;y r\u00e9pondre tr\u00e8s rapidement mais nous ferons notre possible. Nos coordonn\u00e9es Message direct<\/p>\n","protected":false},"author":3,"featured_media":0,"parent":0,"menu_order":0,"comment_status":"closed","ping_status":"closed","template":"","meta":{"spay_email":"","_starter_page_template":"contact"},"jetpack_likes_enabled":true,"jetpack_sharing_enabled":true,"_links":{"self":[{"href":"https:\/\/velaventure.fr\/index.php\/wp-json\/wp\/v2\/pages\/276"}],"collection":[{"href":"https:\/\/velaventure.fr\/index.php\/wp-json\/wp\/v2\/pages"}],"about":[{"href":"https:\/\/velaventure.fr\/index.php\/wp-json\/wp\/v2\/types\/page"}],"author":[{"embeddable":true,"href":"https:\/\/velaventure.fr\/index.php\/wp-json\/wp\/v2\/users\/3"}],"replies":[{"embeddable":true,"href":"https:\/\/velaventure.fr\/index.php\/wp-json\/wp\/v2\/comments?post=276"}],"version-history":[{"count":1,"href":"https:\/\/velaventure.fr\/index.php\/wp-json\/wp\/v2\/pages\/276\/revisions"}],"predecessor-version":[{"id":277,"href":"https:\/\/velaventure.fr\/index.php\/wp-json\/wp\/v2\/pages\/276\/revisions\/277"}],"wp:attachment":[{"href":"https:\/\/velaventure.fr\/index.php\/wp-json\/wp\/v2\/media?parent=276"}],"curies":[{"name":"wp","href":"https:\/\/api.w.org\/{rel}","templated":true}]}}