{"id":19,"date":"2020-02-26T01:45:45","date_gmt":"2020-02-26T00:45:45","guid":{"rendered":"https:\/\/velaventure.wordpress.com\/?page_id=19"},"modified":"2020-02-27T20:23:54","modified_gmt":"2020-02-27T19:23:54","slug":"qui-sommes-nous","status":"publish","type":"page","link":"https:\/\/velaventure.fr\/index.php\/qui-sommes-nous\/","title":{"rendered":"Qui sommes nous ?"},"content":{"rendered":"\n<hr class=\"wp-block-separator\"\/>\n\n\n\n<h3>Victor<\/h3>\n\n\n\n<div class=\"wp-block-media-text\" style=\"grid-template-columns:49% auto\"><figure class=\"wp-block-media-text__media\"><img loading=\"lazy\" width=\"575\" height=\"1024\" src=\"https:\/\/velaventure.fr\/wp-content\/uploads\/2020\/02\/20200208_115617_hdr-1-575x1024.jpg\" alt=\"\" class=\"wp-image-112\" srcset=\"https:\/\/velaventure.fr\/wp-content\/uploads\/2020\/02\/20200208_115617_hdr-1-575x1024.jpg 575w, https:\/\/velaventure.fr\/wp-content\/uploads\/2020\/02\/20200208_115617_hdr-1-168x300.jpg 168w, https:\/\/velaventure.fr\/wp-content\/uploads\/2020\/02\/20200208_115617_hdr-1-768x1368.jpg 768w, https:\/\/velaventure.fr\/wp-content\/uploads\/2020\/02\/20200208_115617_hdr-1-863x1536.jpg 863w, https:\/\/velaventure.fr\/wp-content\/uploads\/2020\/02\/20200208_115617_hdr-1-1150x2048.jpg 1150w, https:\/\/velaventure.fr\/wp-content\/uploads\/2020\/02\/20200208_115617_hdr-1-1200x2137.jpg 1200w, https:\/\/velaventure.fr\/wp-content\/uploads\/2020\/02\/20200208_115617_hdr-1-1980x3526.jpg 1980w, https:\/\/velaventure.fr\/wp-content\/uploads\/2020\/02\/20200208_115617_hdr-1-scaled.jpg 1438w\" sizes=\"(max-width: 575px) 100vw, 575px\" \/><\/figure><div class=\"wp-block-media-text__content\">\n<p>Karat\u00e9ka, Nageur, Basketeur et Ninja \u00e0 ses heures perdues, Victor est le plus sportif de la bande. Du haut de ses 8 ans et demi, il est tr\u00e8s curieux et s\u2019int\u00e9resse \u00e0 tout.<\/p>\n\n\n\n<p>Il est le premier sur le v\u00e9lo, et n\u2019h\u00e9site pas \u00e0 nous harceler de \u201cbon, quand est ce qu\u2019on p\u00e9dale ?\u201d quand on met trop de temps \u00e0 remonter la tente.<\/p>\n<\/div><\/div>\n\n\n\n<hr class=\"wp-block-separator\"\/>\n\n\n\n<h3>Cl\u00e9a<\/h3>\n\n\n\n<div class=\"wp-block-media-text has-media-on-the-right\" style=\"grid-template-columns:auto 51%\"><figure class=\"wp-block-media-text__media\"><img loading=\"lazy\" width=\"575\" height=\"1024\" src=\"https:\/\/velaventure.fr\/wp-content\/uploads\/2020\/02\/20190722_184413-1-575x1024.jpg\" alt=\"\" class=\"wp-image-115\" srcset=\"https:\/\/velaventure.fr\/wp-content\/uploads\/2020\/02\/20190722_184413-1-575x1024.jpg 575w, https:\/\/velaventure.fr\/wp-content\/uploads\/2020\/02\/20190722_184413-1-168x300.jpg 168w, https:\/\/velaventure.fr\/wp-content\/uploads\/2020\/02\/20190722_184413-1-768x1368.jpg 768w, https:\/\/velaventure.fr\/wp-content\/uploads\/2020\/02\/20190722_184413-1-863x1536.jpg 863w, https:\/\/velaventure.fr\/wp-content\/uploads\/2020\/02\/20190722_184413-1-1150x2048.jpg 1150w, https:\/\/velaventure.fr\/wp-content\/uploads\/2020\/02\/20190722_184413-1-1200x2137.jpg 1200w, https:\/\/velaventure.fr\/wp-content\/uploads\/2020\/02\/20190722_184413-1-1980x3526.jpg 1980w, https:\/\/velaventure.fr\/wp-content\/uploads\/2020\/02\/20190722_184413-1-scaled.jpg 1438w\" sizes=\"(max-width: 575px) 100vw, 575px\" \/><\/figure><div class=\"wp-block-media-text__content\">\n<p>La t\u00eate dans un arc-en-ciel et les pieds sur une licorne. A 6 ans, Cl\u00e9a est dot\u00e9e d\u2019une grande imagination \u00e0 laquelle s\u2019ajoute une grande capacit\u00e9 d\u2019adaptation. Pour elle, l\u2019\u00e9tranger est un copain avec lequel on a pas encore jou\u00e9.<\/p>\n\n\n\n<p>Avec son immense r\u00e9pertoire de 36 chansons qu\u2019elle aime chanter en boucle, Cl\u00e9a sera notre \u201cv\u00e9lo-radio\u201d pendant le voyage.<br><\/p>\n<\/div><\/div>\n\n\n\n<hr class=\"wp-block-separator\"\/>\n\n\n\n<h3>Cindy et Julien<\/h3>\n\n\n\n<div class=\"wp-block-media-text\"><figure class=\"wp-block-media-text__media\"><img loading=\"lazy\" width=\"480\" height=\"270\" src=\"https:\/\/velaventure.fr\/wp-content\/uploads\/2020\/02\/giphy-1.gif\" alt=\"\" class=\"wp-image-88\"\/><\/figure><div class=\"wp-block-media-text__content\">\n<p class=\"has-normal-font-size\">L\u2019ind\u00e9cision faite couple, ils ont pourtant r\u00e9ussi \u00e0 prendre la d\u00e9cision de r\u00e9aliser ce r\u00eave qui les r\u00e9uni depuis leur rencontre, et de le partager avec ce qu\u2019ils ont de plus chers, leurs enfants.<\/p>\n<\/div><\/div>\n\n\n\n<p><\/p>\n","protected":false},"excerpt":{"rendered":"<p>Victor Karat\u00e9ka, Nageur, Basketeur et Ninja \u00e0 ses heures perdues, Victor est le plus sportif de la bande. Du haut de ses 8 ans et demi, il est tr\u00e8s curieux et s\u2019int\u00e9resse \u00e0 tout. Il est le premier sur le v\u00e9lo, et n\u2019h\u00e9site pas \u00e0 nous harceler de \u201cbon, quand est ce qu\u2019on p\u00e9dale ?\u201d [&hellip;]<\/p>\n","protected":false},"author":3,"featured_media":0,"parent":0,"menu_order":0,"comment_status":"closed","ping_status":"closed","template":"","meta":{"spay_email":"","_starter_page_template":""},"jetpack_likes_enabled":true,"jetpack_sharing_enabled":true,"_links":{"self":[{"href":"https:\/\/velaventure.fr\/index.php\/wp-json\/wp\/v2\/pages\/19"}],"collection":[{"href":"https:\/\/velaventure.fr\/index.php\/wp-json\/wp\/v2\/pages"}],"about":[{"href":"https:\/\/velaventure.fr\/index.php\/wp-json\/wp\/v2\/types\/page"}],"author":[{"embeddable":true,"href":"https:\/\/velaventure.fr\/index.php\/wp-json\/wp\/v2\/users\/3"}],"replies":[{"embeddable":true,"href":"https:\/\/velaventure.fr\/index.php\/wp-json\/wp\/v2\/comments?post=19"}],"version-history":[{"count":2,"href":"https:\/\/velaventure.fr\/index.php\/wp-json\/wp\/v2\/pages\/19\/revisions"}],"predecessor-version":[{"id":147,"href":"https:\/\/velaventure.fr\/index.php\/wp-json\/wp\/v2\/pages\/19\/revisions\/147"}],"wp:attachment":[{"href":"https:\/\/velaventure.fr\/index.php\/wp-json\/wp\/v2\/media?parent=19"}],"curies":[{"name":"wp","href":"https:\/\/api.w.org\/{rel}","templated":true}]}}